{"id":615,"date":"2020-05-11T06:21:10","date_gmt":"2020-05-11T06:21:10","guid":{"rendered":"http:\/\/galaxyvacations.com\/?page_id=615"},"modified":"2021-10-15T13:21:16","modified_gmt":"2021-10-15T17:21:16","slug":"alamo-rent-a-car","status":"publish","type":"page","link":"https:\/\/galaxyvacations.com\/pt\/alamo-rent-a-car\/","title":{"rendered":"Alamo rent a car"},"content":{"rendered":"<div class=\"wpb-content-wrapper\"><div      class=\"vc_row wpb_row section vc_row-fluid\" style=' text-align:left;'><div class=\"full_section_inner clearfix\"><div class=\"wpb_column vc_column_container vc_col-sm-12\"><div class=\"vc_column-inner\"><div class=\"wpb_wrapper\">\n\t<div class=\"wpb_single_image wpb_content_element vc_align_center\">\n\t\t<div class=\"wpb_wrapper\">\n\t\t\t<h2 class=\"wpb_heading wpb_singleimage_heading\">Empresa que confia em n\u00f3s<\/h2>\n\t\t\t<div class=\"vc_single_image-wrapper   vc_box_border_grey\"><img loading=\"lazy\" decoding=\"async\" class=\"vc_single_image-img\" src=\"https:\/\/galaxyvacations.com\/wp-content\/uploads\/alamo-galaxy-vacations-150x90.png\" width=\"150\" height=\"90\" alt=\"Alamo rent a car Galaxy f\u00e9rias\" title=\"alamo-galaxy-vacations\" \/><\/div>\n\t\t<\/div>\n\t<\/div>\n\t<div class=\"vc_empty_space\"  style=\"height: 32px\" ><span\n\t\t\tclass=\"vc_empty_space_inner\">\n\t\t\t<span class=\"empty_space_image\"  ><\/span>\n\t\t<\/span><\/div>\n\n\n\t<div class=\"wpb_text_column wpb_content_element\">\n\t\t<div class=\"wpb_wrapper\">\n\t\t\t<p style=\"font-weight: 400;\"><strong><em>IMPORTANTE<\/em><\/strong><\/p>\n<p style=\"font-weight: 400;\"><strong><em>Pol\u00edtica de cancelamento da Alamo<\/em><\/strong><\/p>\n<p style=\"font-weight: 400;\"><em>Os cancelamentos s\u00e3o aceitos gratuitamente at\u00e9 72 horas antes da data da reserva.<\/em><\/p>\n<p style=\"font-weight: 400;\"><em>Se a reserva for cancelada dentro de 72 horas da data da retirada, ser\u00e1 aplicada uma taxa de cancelamento de usd 50.<\/em><\/p>\n<p style=\"font-weight: 400;\"><em>A partir do dia e hor\u00e1rio reservados, a cobran\u00e7a \u00e9 de 100% do aluguel do carro.<\/em><\/p>\n<p>&nbsp;<\/p>\n<div>\n<h3>- Plano TZ:<\/h3>\n<p>Plano dispon\u00edvel para estadias em: EUA, Canad\u00e1, Am\u00e9rica Latina<\/p>\n<p>Inclui: quilometragem ilimitada, CDW (Collision Damage Waiver).<br \/>\n*N\u00e3o inclui quaisquer extras n\u00e3o mencionados acima.<\/p>\n<p>&nbsp;<\/p>\n<h3>- Plano TM:<\/h3>\n<p>Plano dispon\u00edvel para estadias em: EUA, Canad\u00e1<\/p>\n<p>Inclui: quilometragem ilimitada, CDW (Collision Damage Waiver), motorista adicional.<br \/>\n*N\u00e3o inclui quaisquer extras n\u00e3o mencionados acima.<\/p>\n<p>&nbsp;<\/p>\n<h3>- Plano LT:<\/h3>\n<p>Plano dispon\u00edvel para estadias em: EUA, Canad\u00e1<\/p>\n<p>Inclui: Somente o carro. Quilometragem ilimitada, sem incluir seguro e impostos.<br \/>\n*N\u00e3o inclui Carefree Protection, Car Seat e quaisquer outros extras n\u00e3o mencionados acima.<\/p>\n<p>&nbsp;<\/p>\n<h3>- Plano NK: Tudo inclu\u00eddo:<\/h3>\n<p>Plano dispon\u00edvel para estadias em: EUA, Canad\u00e1<\/p>\n<p>Inclui: quilometragem ilimitada, CDW (Collision Damage Waiver), EP (Extended Protection), VLF, taxas aeroportu\u00e1rias, impostos estaduais e locais, primeiro tanque de gasolina (exceto na cidade de Nova York) e motorista adicional.<br \/>\n*N\u00e3o inclui Carefree Protection, Car Seat e quaisquer outros extras n\u00e3o mencionados acima.<\/p>\n<p>&nbsp;<\/p>\n<h3>- Plano P3: Tudo inclu\u00eddo*:<\/h3>\n<p>Plano dispon\u00edvel para estadias em: EUA, Canad\u00e1<\/p>\n<p>Inclui: quilometragem ilimitada, CDW (Collision Damage Waiver), EP (Extended Protection), impostos, sobretaxas, motorista adicional gratuito e GPS.<br \/>\n*N\u00e3o inclui Carefree Protection, assento de carro, tanque de gasolina, RSP (Roadside Service Plus) ou quaisquer outros extras n\u00e3o mencionados acima.<\/p>\n<p>&nbsp;<\/p>\n<h3>- Plano GP: Tudo inclu\u00eddo:<\/h3>\n<p>Plano dispon\u00edvel para estadias em: EUA, Canad\u00e1<\/p>\n<p>Inclui: quilometragem ilimitada, CDW (Collision Damage Waiver), EP (Extended Protection), primeiro tanque de combust\u00edvel, GPS, VLF (Vehicle Licence Recovery or Reinstatement Fee), taxas aeroportu\u00e1rias, taxas locais\/estaduais, motorista adicional.<br \/>\n*N\u00e3o inclui Carefree Protection, Car Seat e quaisquer outros extras n\u00e3o mencionados acima.<\/p>\n<p>&nbsp;<\/p>\n<h3>- Plano MF: Tudo inclu\u00eddo*:<\/h3>\n<p>Plano dispon\u00edvel para estadias em: EUA, Canad\u00e1, Am\u00e9rica Latina<\/p>\n<p>Inclui: quilometragem ilimitada, CDW (Collision Damage Waiver), EP (Extended Protection), VLF, motorista adicional, taxas aeroportu\u00e1rias, impostos locais\/estaduais. *N\u00e3o inclui Carefree Protection, cadeirinha de carro e qualquer outro adicional n\u00e3o mencionado acima.<\/p>\n<\/div>\n<p>&nbsp;<\/p>\n<h3>- Plano 4S<\/h3>\n<p style=\"font-weight: 400;\">Plano dispon\u00edvel para estadias em: EUA<\/p>\n<p style=\"font-weight: 400;\">Inclus\u00f5es: CDW (com franquia), impostos e sobretaxas, IVA e 1 motorista adicional<\/p>\n<div>\n<p>&nbsp;<\/p>\n<\/div>\n<h3>- Plano V<\/h3>\n<p>Plano dispon\u00edvel para o mercado europeu<\/p>\n<p><span lang=\"EN-US\">Inclui: CDW (com franquia), impostos e sobretaxas, IVA.\u00a0<\/span>Em alguns pa\u00edses, tamb\u00e9m inclui cobertura para terceiros. No momento da reserva, o sistema mostrar\u00e1 detalhes dos servi\u00e7os inclu\u00eddos para cada estadia espec\u00edfica.<\/p>\n<div>\n<p>&nbsp;<\/p>\n<h4 style=\"text-align: center;\"><a href=\"https:\/\/galaxyvacations.com\/wp-content\/uploads\/25-03_ALAMO-2.pdf\" target=\"_blank\" rel=\"noopener noreferrer\">Detalhes sobre a cobertura e as condi\u00e7\u00f5es gerais do aluguel<\/a><\/h4>\n<\/div>\n\n\t\t<\/div> \n\t<\/div> <\/div><\/div><\/div><\/div><\/div><div      class=\"vc_row wpb_row section vc_row-fluid\" style=' text-align:left;'><div class=\"full_section_inner clearfix\"><div class=\"wpb_column vc_column_container vc_col-sm-12\"><div class=\"vc_column-inner\"><div class=\"wpb_wrapper\">\t<div class=\"vc_empty_space\"  style=\"height: 32px\" ><span\n\t\t\tclass=\"vc_empty_space_inner\">\n\t\t\t<span class=\"empty_space_image\"  ><\/span>\n\t\t<\/span><\/div>\n\n<\/div><\/div><\/div><\/div><\/div><div      class=\"vc_row wpb_row section vc_row-fluid\" style=' text-align:left;'><div class=\"full_section_inner clearfix\"><div class=\"wpb_column vc_column_container vc_col-sm-12\"><div class=\"vc_column-inner\"><div class=\"wpb_wrapper\"><div class=\"call_to_action normal\" style=\"background-color: #eaeaea;\"><div class=\"container_inner\"><div class=\"text_wrapper\"><div class=\"call_to_action_text\" style=\"\">\n<h4 style=\"text-align: center;\">Solicite uma cota\u00e7\u00e3o ou obtenha as tarifas em nosso <a href=\"https:\/\/www.bookingswl.com\/whitelabel\/admin\/\" target=\"_blank\" rel=\"noopener noreferrer\">mecanismo de cota\u00e7\u00e3o on-line<\/a><\/h4>\n<\/div><\/div><\/div><\/div><\/div><\/div><\/div><\/div><\/div><div      class=\"vc_row wpb_row section vc_row-fluid\" style=' text-align:left;'><div class=\"full_section_inner clearfix\"><div class=\"wpb_column vc_column_container vc_col-sm-12\"><div class=\"vc_column-inner\"><div class=\"wpb_wrapper\">\t<div class=\"vc_empty_space\"  style=\"height: 32px\" ><span\n\t\t\tclass=\"vc_empty_space_inner\">\n\t\t\t<span class=\"empty_space_image\"  ><\/span>\n\t\t<\/span><\/div>\n\n<\/div><\/div><\/div><\/div><\/div>\n<\/div>","protected":false},"excerpt":{"rendered":"Empresa que confia em n\u00f3s IMPORTANTE Pol\u00edtica de cancelamento da Alamo Cancelamentos aceitos gratuitamente at\u00e9 72 horas antes da data da reserva Se a reserva for cancelada dentro de 72 horas da data de retirada, ser\u00e1 cobrada uma taxa de cancelamento de...","protected":false},"author":1,"featured_media":616,"parent":0,"menu_order":0,"comment_status":"closed","ping_status":"closed","template":"","meta":{"footnotes":""},"class_list":["post-615","page","type-page","status-publish","has-post-thumbnail","hentry"],"yoast_head":"<!-- This site is optimized with the Yoast SEO plugin v26.9 - https:\/\/yoast.com\/product\/yoast-seo-wordpress\/ -->\n<title>\u00c1lamo rent a car - Galaxy Vacations<\/title>\n<meta name=\"description\" content=\"Alamo rent a car, empresa que conf\u00eda en nosotros. Variedad en planes y all inclusive.\" \/>\n<meta name=\"robots\" content=\"index, follow, max-snippet:-1, max-image-preview:large, max-video-preview:-1\" \/>\n<link rel=\"canonical\" href=\"https:\/\/galaxyvacations.com\/pt\/alamo-rent-a-car\/\" \/>\n<meta property=\"og:locale\" content=\"pt_BR\" \/>\n<meta property=\"og:type\" content=\"article\" \/>\n<meta property=\"og:title\" content=\"\u00c1lamo rent a car - Galaxy Vacations\" \/>\n<meta property=\"og:description\" content=\"Alamo rent a car, empresa que conf\u00eda en nosotros. Variedad en planes y all inclusive.\" \/>\n<meta property=\"og:url\" content=\"https:\/\/galaxyvacations.com\/pt\/alamo-rent-a-car\/\" \/>\n<meta property=\"og:site_name\" content=\"Galaxy Vacations\" \/>\n<meta property=\"article:modified_time\" content=\"2021-10-15T17:21:16+00:00\" \/>\n<meta property=\"og:image\" content=\"https:\/\/galaxyvacations.com\/wp-content\/uploads\/alamo-galaxy-vacations.png\" \/>\n\t<meta property=\"og:image:width\" content=\"4500\" \/>\n\t<meta property=\"og:image:height\" content=\"2700\" \/>\n\t<meta property=\"og:image:type\" content=\"image\/png\" \/>\n<meta name=\"twitter:card\" content=\"summary_large_image\" \/>\n<meta name=\"twitter:label1\" content=\"Est. tempo de leitura\" \/>\n\t<meta name=\"twitter:data1\" content=\"3 minutos\" \/>\n<script type=\"application\/ld+json\" class=\"yoast-schema-graph\">{\"@context\":\"https:\/\/schema.org\",\"@graph\":[{\"@type\":\"WebPage\",\"@id\":\"https:\/\/galaxyvacations.com\/alamo-rent-a-car\/\",\"url\":\"https:\/\/galaxyvacations.com\/alamo-rent-a-car\/\",\"name\":\"\u00c1lamo rent a car - Galaxy Vacations\",\"isPartOf\":{\"@id\":\"https:\/\/galaxyvacations.com\/#website\"},\"primaryImageOfPage\":{\"@id\":\"https:\/\/galaxyvacations.com\/alamo-rent-a-car\/#primaryimage\"},\"image\":{\"@id\":\"https:\/\/galaxyvacations.com\/alamo-rent-a-car\/#primaryimage\"},\"thumbnailUrl\":\"https:\/\/galaxyvacations.com\/wp-content\/uploads\/alamo-galaxy-vacations.png\",\"datePublished\":\"2020-05-11T06:21:10+00:00\",\"dateModified\":\"2021-10-15T17:21:16+00:00\",\"description\":\"Alamo rent a car, empresa que conf\u00eda en nosotros. Variedad en planes y all inclusive.\",\"breadcrumb\":{\"@id\":\"https:\/\/galaxyvacations.com\/alamo-rent-a-car\/#breadcrumb\"},\"inLanguage\":\"pt-BR\",\"potentialAction\":[{\"@type\":\"ReadAction\",\"target\":[\"https:\/\/galaxyvacations.com\/alamo-rent-a-car\/\"]}]},{\"@type\":\"ImageObject\",\"inLanguage\":\"pt-BR\",\"@id\":\"https:\/\/galaxyvacations.com\/alamo-rent-a-car\/#primaryimage\",\"url\":\"https:\/\/galaxyvacations.com\/wp-content\/uploads\/alamo-galaxy-vacations.png\",\"contentUrl\":\"https:\/\/galaxyvacations.com\/wp-content\/uploads\/alamo-galaxy-vacations.png\",\"width\":4500,\"height\":2700,\"caption\":\"Alamo rent a car Galaxy vacations\"},{\"@type\":\"BreadcrumbList\",\"@id\":\"https:\/\/galaxyvacations.com\/alamo-rent-a-car\/#breadcrumb\",\"itemListElement\":[{\"@type\":\"ListItem\",\"position\":1,\"name\":\"Portada\",\"item\":\"https:\/\/galaxyvacations.com\/\"},{\"@type\":\"ListItem\",\"position\":2,\"name\":\"\u00c1lamo rent a car\"}]},{\"@type\":\"WebSite\",\"@id\":\"https:\/\/galaxyvacations.com\/#website\",\"url\":\"https:\/\/galaxyvacations.com\/\",\"name\":\"Galaxy Vacations\",\"description\":\"Turismo Individual y Grupos | Tickets, Atracciones, Hoteles y Cruceros | Transportaci\u00f3n Propia\",\"potentialAction\":[{\"@type\":\"SearchAction\",\"target\":{\"@type\":\"EntryPoint\",\"urlTemplate\":\"https:\/\/galaxyvacations.com\/?s={search_term_string}\"},\"query-input\":{\"@type\":\"PropertyValueSpecification\",\"valueRequired\":true,\"valueName\":\"search_term_string\"}}],\"inLanguage\":\"pt-BR\"}]}<\/script>\n<!-- \/ Yoast SEO plugin. -->","yoast_head_json":{"title":"Alamo rent a car - Galaxy Vacations","description":"Alamo rent a car, uma empresa que confia em n\u00f3s. Variedade de planos e tudo inclu\u00eddo.","robots":{"index":"index","follow":"follow","max-snippet":"max-snippet:-1","max-image-preview":"max-image-preview:large","max-video-preview":"max-video-preview:-1"},"canonical":"https:\/\/galaxyvacations.com\/pt\/alamo-rent-a-car\/","og_locale":"pt_BR","og_type":"article","og_title":"\u00c1lamo rent a car - Galaxy Vacations","og_description":"Alamo rent a car, empresa que conf\u00eda en nosotros. Variedad en planes y all inclusive.","og_url":"https:\/\/galaxyvacations.com\/pt\/alamo-rent-a-car\/","og_site_name":"Galaxy Vacations","article_modified_time":"2021-10-15T17:21:16+00:00","og_image":[{"width":4500,"height":2700,"url":"https:\/\/galaxyvacations.com\/wp-content\/uploads\/alamo-galaxy-vacations.png","type":"image\/png"}],"twitter_card":"summary_large_image","twitter_misc":{"Est. tempo de leitura":"3 minutos"},"schema":{"@context":"https:\/\/schema.org","@graph":[{"@type":"WebPage","@id":"https:\/\/galaxyvacations.com\/alamo-rent-a-car\/","url":"https:\/\/galaxyvacations.com\/alamo-rent-a-car\/","name":"Alamo rent a car - Galaxy Vacations","isPartOf":{"@id":"https:\/\/galaxyvacations.com\/#website"},"primaryImageOfPage":{"@id":"https:\/\/galaxyvacations.com\/alamo-rent-a-car\/#primaryimage"},"image":{"@id":"https:\/\/galaxyvacations.com\/alamo-rent-a-car\/#primaryimage"},"thumbnailUrl":"https:\/\/galaxyvacations.com\/wp-content\/uploads\/alamo-galaxy-vacations.png","datePublished":"2020-05-11T06:21:10+00:00","dateModified":"2021-10-15T17:21:16+00:00","description":"Alamo rent a car, uma empresa que confia em n\u00f3s. Variedade de planos e tudo inclu\u00eddo.","breadcrumb":{"@id":"https:\/\/galaxyvacations.com\/alamo-rent-a-car\/#breadcrumb"},"inLanguage":"pt-BR","potentialAction":[{"@type":"ReadAction","target":["https:\/\/galaxyvacations.com\/alamo-rent-a-car\/"]}]},{"@type":"ImageObject","inLanguage":"pt-BR","@id":"https:\/\/galaxyvacations.com\/alamo-rent-a-car\/#primaryimage","url":"https:\/\/galaxyvacations.com\/wp-content\/uploads\/alamo-galaxy-vacations.png","contentUrl":"https:\/\/galaxyvacations.com\/wp-content\/uploads\/alamo-galaxy-vacations.png","width":4500,"height":2700,"caption":"Alamo rent a car Galaxy vacations"},{"@type":"BreadcrumbList","@id":"https:\/\/galaxyvacations.com\/alamo-rent-a-car\/#breadcrumb","itemListElement":[{"@type":"ListItem","position":1,"name":"Portada","item":"https:\/\/galaxyvacations.com\/"},{"@type":"ListItem","position":2,"name":"\u00c1lamo rent a car"}]},{"@type":"WebSite","@id":"https:\/\/galaxyvacations.com\/#website","url":"https:\/\/galaxyvacations.com\/","name":"F\u00e9rias Galaxy","description":"Turismo individual e em grupo: ingressos, atra\u00e7\u00f5es, hot\u00e9is e cruzeiros: transporte pr\u00f3prio","potentialAction":[{"@type":"SearchAction","target":{"@type":"EntryPoint","urlTemplate":"https:\/\/galaxyvacations.com\/?s={search_term_string}"},"query-input":{"@type":"PropertyValueSpecification","valueRequired":true,"valueName":"search_term_string"}}],"inLanguage":"pt-BR"}]}},"_links":{"self":[{"href":"https:\/\/galaxyvacations.com\/pt\/wp-json\/wp\/v2\/pages\/615","targetHints":{"allow":["GET"]}}],"collection":[{"href":"https:\/\/galaxyvacations.com\/pt\/wp-json\/wp\/v2\/pages"}],"about":[{"href":"https:\/\/galaxyvacations.com\/pt\/wp-json\/wp\/v2\/types\/page"}],"author":[{"embeddable":true,"href":"https:\/\/galaxyvacations.com\/pt\/wp-json\/wp\/v2\/users\/1"}],"replies":[{"embeddable":true,"href":"https:\/\/galaxyvacations.com\/pt\/wp-json\/wp\/v2\/comments?post=615"}],"version-history":[{"count":3,"href":"https:\/\/galaxyvacations.com\/pt\/wp-json\/wp\/v2\/pages\/615\/revisions"}],"predecessor-version":[{"id":3300,"href":"https:\/\/galaxyvacations.com\/pt\/wp-json\/wp\/v2\/pages\/615\/revisions\/3300"}],"wp:featuredmedia":[{"embeddable":true,"href":"https:\/\/galaxyvacations.com\/pt\/wp-json\/wp\/v2\/media\/616"}],"wp:attachment":[{"href":"https:\/\/galaxyvacations.com\/pt\/wp-json\/wp\/v2\/media?parent=615"}],"curies":[{"name":"wp","href":"https:\/\/api.w.org\/{rel}","templated":true}]}}