{"id":3,"date":"2020-02-19T19:09:23","date_gmt":"2020-02-19T19:09:23","guid":{"rendered":"http:\/\/galaxyvacations.com\/?page_id=3"},"modified":"2020-04-24T11:55:09","modified_gmt":"2020-04-24T11:55:09","slug":"politica-privacidad","status":"publish","type":"page","link":"https:\/\/galaxyvacations.com\/pt\/politica-de-privacidade\/","title":{"rendered":"Pol\u00edtica de privacidade"},"content":{"rendered":"<p align=\"justify\">A Galaxy Vacations Inc (\"GV\") estabeleceu esta pol\u00edtica de privacidade para explicar como suas informa\u00e7\u00f5es s\u00e3o protegidas, coletadas e usadas, e que pode ser atualizada pela GV. De tempos em tempos. O GV o notificar\u00e1 sobre altera\u00e7\u00f5es importantes nesta pol\u00edtica de privacidade, publicando um aviso no site do GV.<\/p>\r\n<h2 class=\"wp-block-heading\" align=\"justify\"><br \/><strong>1. Prote\u00e7\u00e3o de sua privacidade<\/strong><\/h2>\r\n<p align=\"justify\">- N\u00e3o compartilhamos suas informa\u00e7\u00f5es com terceiros para fins de marketing.<br \/>- N\u00e3o usamos dispositivos de rastreamento para fins de marketing (\"cookies\", \"web beacons\", gifs de pixel \u00fanico).<br \/>- As informa\u00e7\u00f5es da conta s\u00e3o protegidas por senha. Mantenha sua senha segura.<br \/>- O GV n\u00e3o aceita usu\u00e1rios, assinantes ou vendedores com menos de 13 anos de idade. Se o GV souber que um usu\u00e1rio, assinante ou vendedor \u00e9 uma pessoa com menos de 13 anos de idade, o GV encerrar\u00e1 essa conta.<br \/>- O GV, ou os usu\u00e1rios ou fornecedores que publicam no GV, podem fornecer links para sites de terceiros, que podem ter pr\u00e1ticas de privacidade diferentes. N\u00e3o somos respons\u00e1veis e n\u00e3o temos controle sobre as pol\u00edticas de privacidade desses sites de terceiros e incentivamos todos os usu\u00e1rios a ler as pol\u00edticas de privacidade de cada site visitado.<br \/><br \/><\/p>\r\n<p align=\"justify\">\u00a0<\/p>\r\n<h2 align=\"justify\"><strong>2. Os dados que coletamos<\/strong><\/h2>\r\n<p align=\"justify\">- \u00c0s vezes, coletamos seu endere\u00e7o de e-mail para fins como o envio de e-mails de autopublica\u00e7\u00e3o e confirma\u00e7\u00e3o, autentica\u00e7\u00e3o de contas de usu\u00e1rio, fornecimento de servi\u00e7os de assinatura de e-mail, etc.<br \/>- Para remessas pagas de fornecedores, coletamos informa\u00e7\u00f5es de contato, como nome(s), n\u00famero(s) de telefone\/fax e endere\u00e7o de cobran\u00e7a.<br \/>- \u00c0s vezes, coletamos seu n\u00famero de telefone para autentica\u00e7\u00e3o de conta e podemos transmiti-lo a um servi\u00e7o terceirizado para verifica\u00e7\u00e3o tele-rob\u00f3tica.<br \/>- O GV n\u00e3o armazena informa\u00e7\u00f5es de cart\u00e3o de cr\u00e9dito. As transa\u00e7\u00f5es com cart\u00e3o de cr\u00e9dito s\u00e3o transmitidas a um gateway financeiro, e nos esfor\u00e7amos para proteger a seguran\u00e7a de suas informa\u00e7\u00f5es de pagamento durante a transmiss\u00e3o usando Secure Sockets Layer (SSL).<br \/>- Podemos coletar informa\u00e7\u00f5es pessoais se voc\u00ea as fornecer em feedback ou coment\u00e1rios, se as publicarmos em nosso site ou se voc\u00ea entrar em contato conosco diretamente. N\u00e3o publique nenhuma informa\u00e7\u00e3o pessoal no site da GV que voc\u00ea espera manter em sigilo.<br \/>- Nossos registros da Web coletam entradas padr\u00e3o de registro da Web para cada p\u00e1gina exibida, incluindo seu endere\u00e7o IP, URL da p\u00e1gina, data e hora. Os registros nos ajudam a diagnosticar problemas com nosso servidor, a administrar o site da GV e a fornecer nossos servi\u00e7os a voc\u00ea.<br \/><br \/><\/p>\r\n<p align=\"justify\">\u00a0<\/p>\r\n<h2 align=\"justify\"><strong>3. Os dados que armazenamos<\/strong><\/h2>\r\n<p align=\"justify\">- Todas as mensagens s\u00e3o armazenadas em nosso banco de dados, mesmo ap\u00f3s a \"exclus\u00e3o\", e podem ser arquivadas em outro lugar.<br \/>- Nossos registros da Web e outros arquivos s\u00e3o armazenados indefinidamente.<br \/>- Os provedores e usu\u00e1rios registrados podem acessar e atualizar suas informa\u00e7\u00f5es de conta por meio da p\u00e1gina inicial da conta.<br \/>- Embora fa\u00e7amos esfor\u00e7os de boa-f\u00e9 para armazenar informa\u00e7\u00f5es em um ambiente operacional seguro que n\u00e3o est\u00e1 dispon\u00edvel ao p\u00fablico, n\u00e3o podemos garantir total seguran\u00e7a.<br \/><br \/><\/p>\r\n<p align=\"justify\">\u00a0<\/p>\r\n<h2 align=\"justify\"><strong>4. Circunst\u00e2ncias em que o GV divulga informa\u00e7\u00f5es<\/strong><\/h2>\r\n<p align=\"justify\">- O GV poder\u00e1 divulgar informa\u00e7\u00f5es sobre seus usu\u00e1rios, assinantes ou fornecedores se for obrigado a faz\u00ea-lo por lei ou se acreditar de boa f\u00e9 que tal divulga\u00e7\u00e3o \u00e9 razoavelmente necess\u00e1ria para responder a intima\u00e7\u00f5es, ordens judiciais ou outros processos legais.<br \/>- O GV tamb\u00e9m poder\u00e1 divulgar informa\u00e7\u00f5es sobre seus usu\u00e1rios, assinantes ou fornecedores para autoridades policiais ou outros, caso acredite de boa f\u00e9 que tal divulga\u00e7\u00e3o seja razoavelmente necess\u00e1ria para: fazer cumprir nossos Termos de Uso; responder a reclama\u00e7\u00f5es de que qualquer an\u00fancio ou outro conte\u00fado viole os direitos de terceiros; ou proteger os direitos, a propriedade ou a seguran\u00e7a pessoal do GV, de seus usu\u00e1rios, assinantes, fornecedores ou do p\u00fablico.<\/p>\r\n<p align=\"justify\">\u00a0<\/p>\r\n<h2 align=\"justify\"><strong>5. Usu\u00e1rios internacionais<\/strong><\/h2>\r\n<p align=\"justify\"><br \/>Ao visitar nosso site e nos fornecer dados, o usu\u00e1rio reconhece e concorda que, devido \u00e0 dimens\u00e3o internacional da GV, poderemos usar os dados coletados no curso de nosso relacionamento para os fins identificados nesta pol\u00edtica ou em nossas outras comunica\u00e7\u00f5es com o usu\u00e1rio, incluindo a transmiss\u00e3o de informa\u00e7\u00f5es fora de sua jurisdi\u00e7\u00e3o de resid\u00eancia. Al\u00e9m disso, voc\u00ea deve entender que esses dados podem ser armazenados em servidores localizados nos Estados Unidos. Ao nos fornecer seus dados, voc\u00ea concorda com a transfer\u00eancia de tais dados.<\/p>\r\n<p align=\"justify\">\u00a0<\/p>","protected":false},"excerpt":{"rendered":"<p>Galaxy Vacations Inc. (\u00abGV\u00bb) ha establecido esta pol\u00edtica de privacidad para explicarle c\u00f3mo su informaci\u00f3n est\u00e1 protegida, recogida y utilizada, que puede ser actualizada por GV. De vez en cuando. GV le avisar\u00e1 de los cambios materialmente importantes en esta pol\u00edtica de privacidad mediante la&#8230;<\/p>","protected":false},"author":1,"featured_media":0,"parent":0,"menu_order":0,"comment_status":"closed","ping_status":"open","template":"","meta":{"footnotes":""},"class_list":["post-3","page","type-page","status-publish","hentry"],"yoast_head":"<!-- This site is optimized with the Yoast SEO plugin v26.9 - https:\/\/yoast.com\/product\/yoast-seo-wordpress\/ -->\n<title>Pol\u00edtica de privacidad - Galaxy Vacations<\/title>\n<meta name=\"robots\" content=\"index, follow, max-snippet:-1, max-image-preview:large, max-video-preview:-1\" \/>\n<link rel=\"canonical\" href=\"https:\/\/galaxyvacations.com\/pt\/politica-de-privacidade\/\" \/>\n<meta property=\"og:locale\" content=\"pt_BR\" \/>\n<meta property=\"og:type\" content=\"article\" \/>\n<meta property=\"og:title\" content=\"Pol\u00edtica de privacidad - Galaxy Vacations\" \/>\n<meta property=\"og:description\" content=\"Galaxy Vacations Inc. (\u00abGV\u00bb) ha establecido esta pol\u00edtica de privacidad para explicarle c\u00f3mo su informaci\u00f3n est\u00e1 protegida, recogida y utilizada, que puede ser actualizada por GV. De vez en cuando. GV le avisar\u00e1 de los cambios materialmente importantes en esta pol\u00edtica de privacidad mediante la...\" \/>\n<meta property=\"og:url\" content=\"https:\/\/galaxyvacations.com\/pt\/politica-de-privacidade\/\" \/>\n<meta property=\"og:site_name\" content=\"Galaxy Vacations\" \/>\n<meta property=\"article:modified_time\" content=\"2020-04-24T11:55:09+00:00\" \/>\n<meta name=\"twitter:card\" content=\"summary_large_image\" \/>\n<meta name=\"twitter:label1\" content=\"Est. tempo de leitura\" \/>\n\t<meta name=\"twitter:data1\" content=\"4 minutos\" \/>\n<script type=\"application\/ld+json\" class=\"yoast-schema-graph\">{\"@context\":\"https:\/\/schema.org\",\"@graph\":[{\"@type\":\"WebPage\",\"@id\":\"https:\/\/galaxyvacations.com\/politica-privacidad\/\",\"url\":\"https:\/\/galaxyvacations.com\/politica-privacidad\/\",\"name\":\"Pol\u00edtica de privacidad - Galaxy Vacations\",\"isPartOf\":{\"@id\":\"https:\/\/galaxyvacations.com\/#website\"},\"datePublished\":\"2020-02-19T19:09:23+00:00\",\"dateModified\":\"2020-04-24T11:55:09+00:00\",\"breadcrumb\":{\"@id\":\"https:\/\/galaxyvacations.com\/politica-privacidad\/#breadcrumb\"},\"inLanguage\":\"pt-BR\",\"potentialAction\":[{\"@type\":\"ReadAction\",\"target\":[\"https:\/\/galaxyvacations.com\/politica-privacidad\/\"]}]},{\"@type\":\"BreadcrumbList\",\"@id\":\"https:\/\/galaxyvacations.com\/politica-privacidad\/#breadcrumb\",\"itemListElement\":[{\"@type\":\"ListItem\",\"position\":1,\"name\":\"Portada\",\"item\":\"https:\/\/galaxyvacations.com\/\"},{\"@type\":\"ListItem\",\"position\":2,\"name\":\"Pol\u00edtica de privacidad\"}]},{\"@type\":\"WebSite\",\"@id\":\"https:\/\/galaxyvacations.com\/#website\",\"url\":\"https:\/\/galaxyvacations.com\/\",\"name\":\"Galaxy Vacations\",\"description\":\"Turismo Individual y Grupos | Tickets, Atracciones, Hoteles y Cruceros | Transportaci\u00f3n Propia\",\"potentialAction\":[{\"@type\":\"SearchAction\",\"target\":{\"@type\":\"EntryPoint\",\"urlTemplate\":\"https:\/\/galaxyvacations.com\/?s={search_term_string}\"},\"query-input\":{\"@type\":\"PropertyValueSpecification\",\"valueRequired\":true,\"valueName\":\"search_term_string\"}}],\"inLanguage\":\"pt-BR\"}]}<\/script>\n<!-- \/ Yoast SEO plugin. -->","yoast_head_json":{"title":"Pol\u00edtica de privacidade - Galaxy Vacations","robots":{"index":"index","follow":"follow","max-snippet":"max-snippet:-1","max-image-preview":"max-image-preview:large","max-video-preview":"max-video-preview:-1"},"canonical":"https:\/\/galaxyvacations.com\/pt\/politica-de-privacidade\/","og_locale":"pt_BR","og_type":"article","og_title":"Pol\u00edtica de privacidad - Galaxy Vacations","og_description":"Galaxy Vacations Inc. (\u00abGV\u00bb) ha establecido esta pol\u00edtica de privacidad para explicarle c\u00f3mo su informaci\u00f3n est\u00e1 protegida, recogida y utilizada, que puede ser actualizada por GV. De vez en cuando. GV le avisar\u00e1 de los cambios materialmente importantes en esta pol\u00edtica de privacidad mediante la...","og_url":"https:\/\/galaxyvacations.com\/pt\/politica-de-privacidade\/","og_site_name":"Galaxy Vacations","article_modified_time":"2020-04-24T11:55:09+00:00","twitter_card":"summary_large_image","twitter_misc":{"Est. tempo de leitura":"4 minutos"},"schema":{"@context":"https:\/\/schema.org","@graph":[{"@type":"WebPage","@id":"https:\/\/galaxyvacations.com\/politica-privacidad\/","url":"https:\/\/galaxyvacations.com\/politica-privacidad\/","name":"Pol\u00edtica de privacidade - Galaxy Vacations","isPartOf":{"@id":"https:\/\/galaxyvacations.com\/#website"},"datePublished":"2020-02-19T19:09:23+00:00","dateModified":"2020-04-24T11:55:09+00:00","breadcrumb":{"@id":"https:\/\/galaxyvacations.com\/politica-privacidad\/#breadcrumb"},"inLanguage":"pt-BR","potentialAction":[{"@type":"ReadAction","target":["https:\/\/galaxyvacations.com\/politica-privacidad\/"]}]},{"@type":"BreadcrumbList","@id":"https:\/\/galaxyvacations.com\/politica-privacidad\/#breadcrumb","itemListElement":[{"@type":"ListItem","position":1,"name":"Portada","item":"https:\/\/galaxyvacations.com\/"},{"@type":"ListItem","position":2,"name":"Pol\u00edtica de privacidad"}]},{"@type":"WebSite","@id":"https:\/\/galaxyvacations.com\/#website","url":"https:\/\/galaxyvacations.com\/","name":"F\u00e9rias Galaxy","description":"Turismo individual e em grupo: ingressos, atra\u00e7\u00f5es, hot\u00e9is e cruzeiros: transporte pr\u00f3prio","potentialAction":[{"@type":"SearchAction","target":{"@type":"EntryPoint","urlTemplate":"https:\/\/galaxyvacations.com\/?s={search_term_string}"},"query-input":{"@type":"PropertyValueSpecification","valueRequired":true,"valueName":"search_term_string"}}],"inLanguage":"pt-BR"}]}},"_links":{"self":[{"href":"https:\/\/galaxyvacations.com\/pt\/wp-json\/wp\/v2\/pages\/3","targetHints":{"allow":["GET"]}}],"collection":[{"href":"https:\/\/galaxyvacations.com\/pt\/wp-json\/wp\/v2\/pages"}],"about":[{"href":"https:\/\/galaxyvacations.com\/pt\/wp-json\/wp\/v2\/types\/page"}],"author":[{"embeddable":true,"href":"https:\/\/galaxyvacations.com\/pt\/wp-json\/wp\/v2\/users\/1"}],"replies":[{"embeddable":true,"href":"https:\/\/galaxyvacations.com\/pt\/wp-json\/wp\/v2\/comments?post=3"}],"version-history":[{"count":0,"href":"https:\/\/galaxyvacations.com\/pt\/wp-json\/wp\/v2\/pages\/3\/revisions"}],"wp:attachment":[{"href":"https:\/\/galaxyvacations.com\/pt\/wp-json\/wp\/v2\/media?parent=3"}],"curies":[{"name":"wp","href":"https:\/\/api.w.org\/{rel}","templated":true}]}}