{"id":2624,"date":"2021-04-29T16:39:22","date_gmt":"2021-04-29T16:39:22","guid":{"rendered":"https:\/\/galaxyvacations.com\/?page_id=2624"},"modified":"2021-04-29T16:45:20","modified_gmt":"2021-04-29T16:45:20","slug":"trabaja-con-nosotros","status":"publish","type":"page","link":"https:\/\/galaxyvacations.com\/en\/work-with-us\/","title":{"rendered":"Work with us"},"content":{"rendered":"<div class=\"wpb-content-wrapper\"><div      class=\"vc_row wpb_row section vc_row-fluid  vc_custom_1600359917825 grid_section\" style=' text-align:center;'><div class=\" section_inner clearfix\"><div class='section_inner_margin clearfix'><div class=\"wpb_column vc_column_container vc_col-sm-12\"><div class=\"vc_column-inner\"><div class=\"wpb_wrapper\">\t<div class=\"vc_empty_space\"  style=\"height: 80px\" ><span\n\t\t\tclass=\"vc_empty_space_inner\">\n\t\t\t<span class=\"empty_space_image\"  ><\/span>\n\t\t<\/span><\/div>\n\n\n\t<div class=\"wpb_text_column wpb_content_element  centrar-letra\">\n\t\t<div class=\"wpb_wrapper\">\n\t\t\t<h3>\u00bfQuieres trabajar con nosotros?<\/h3>\n\n\t\t<\/div> \n\t<\/div> \n\t<div class=\"wpb_text_column wpb_content_element  centrar-letra\">\n\t\t<div class=\"wpb_wrapper\">\n\t\t\t<h1>Aplica ahora<\/h1>\n\n\t\t<\/div> \n\t<\/div> \t<div class=\"vc_empty_space\"  style=\"height: 32px\" ><span\n\t\t\tclass=\"vc_empty_space_inner\">\n\t\t\t<span class=\"empty_space_image\"  ><\/span>\n\t\t<\/span><\/div>\n\n<div      class=\"vc_row wpb_row section vc_row-fluid vc_inner  grid_section\" style=' text-align:center;'><div class=\" section_inner clearfix\"><div class='section_inner_margin clearfix'><div class=\"wpb_column vc_column_container vc_col-sm-12\"><div class=\"vc_column-inner\"><div class=\"wpb_wrapper\">\n<div class=\"wpcf7 no-js\" id=\"wpcf7-f2628-o1\" lang=\"es-ES\" dir=\"ltr\" data-wpcf7-id=\"2628\">\n<div class=\"screen-reader-response\"><p role=\"status\" aria-live=\"polite\" aria-atomic=\"true\"><\/p> <ul><\/ul><\/div>\n<form action=\"\/en\/wp-json\/wp\/v2\/pages\/2624#wpcf7-f2628-o1\" method=\"post\" class=\"wpcf7-form init default\" aria-label=\"Formulario de contacto\" enctype=\"multipart\/form-data\" novalidate=\"novalidate\" data-status=\"init\">\n<div style=\"display: none;\">\n<input type=\"hidden\" name=\"_wpcf7\" value=\"2628\" \/>\n<input type=\"hidden\" name=\"_wpcf7_version\" value=\"6.0.6\" \/>\n<input type=\"hidden\" name=\"_wpcf7_locale\" value=\"es_ES\" \/>\n<input type=\"hidden\" name=\"_wpcf7_unit_tag\" value=\"wpcf7-f2628-o1\" \/>\n<input type=\"hidden\" name=\"_wpcf7_container_post\" value=\"0\" \/>\n<input type=\"hidden\" name=\"_wpcf7_posted_data_hash\" value=\"\" \/>\n<input type=\"hidden\" name=\"_wpcf7cf_hidden_group_fields\" value=\"[]\" \/>\n<input type=\"hidden\" name=\"_wpcf7cf_hidden_groups\" value=\"[]\" \/>\n<input type=\"hidden\" name=\"_wpcf7cf_visible_groups\" value=\"[]\" \/>\n<input type=\"hidden\" name=\"_wpcf7cf_repeaters\" value=\"[]\" \/>\n<input type=\"hidden\" name=\"_wpcf7cf_steps\" value=\"{}\" \/>\n<input type=\"hidden\" name=\"_wpcf7cf_options\" value=\"{&quot;form_id&quot;:2628,&quot;conditions&quot;:[{&quot;then_field&quot;:&quot;servicio-1-seleccionado&quot;,&quot;and_rules&quot;:[{&quot;if_field&quot;:&quot;cantidad-servicios&quot;,&quot;operator&quot;:&quot;equals&quot;,&quot;if_value&quot;:&quot;1&quot;}]},{&quot;then_field&quot;:&quot;servicio-2-seleccionado&quot;,&quot;and_rules&quot;:[{&quot;if_field&quot;:&quot;cantidad-servicios&quot;,&quot;operator&quot;:&quot;equals&quot;,&quot;if_value&quot;:&quot;2&quot;}]},{&quot;then_field&quot;:&quot;servicio-3-seleccionado&quot;,&quot;and_rules&quot;:[{&quot;if_field&quot;:&quot;cantidad-servicios&quot;,&quot;operator&quot;:&quot;equals&quot;,&quot;if_value&quot;:&quot;3&quot;}]},{&quot;then_field&quot;:&quot;servicio-4-seleccionado&quot;,&quot;and_rules&quot;:[{&quot;if_field&quot;:&quot;cantidad-servicios&quot;,&quot;operator&quot;:&quot;equals&quot;,&quot;if_value&quot;:&quot;4&quot;}]},{&quot;then_field&quot;:&quot;servicio-5-seleccionado&quot;,&quot;and_rules&quot;:[{&quot;if_field&quot;:&quot;cantidad-servicios&quot;,&quot;operator&quot;:&quot;equals&quot;,&quot;if_value&quot;:&quot;5&quot;}]},{&quot;then_field&quot;:&quot;servicio-1-seleccionado&quot;,&quot;and_rules&quot;:[{&quot;if_field&quot;:&quot;cantidad-servicios&quot;,&quot;operator&quot;:&quot;equals&quot;,&quot;if_value&quot;:&quot;2&quot;}]},{&quot;then_field&quot;:&quot;servicio-1-seleccionado&quot;,&quot;and_rules&quot;:[{&quot;if_field&quot;:&quot;cantidad-servicios&quot;,&quot;operator&quot;:&quot;equals&quot;,&quot;if_value&quot;:&quot;3&quot;}]},{&quot;then_field&quot;:&quot;servicio-1-seleccionado&quot;,&quot;and_rules&quot;:[{&quot;if_field&quot;:&quot;cantidad-servicios&quot;,&quot;operator&quot;:&quot;equals&quot;,&quot;if_value&quot;:&quot;4&quot;}]},{&quot;then_field&quot;:&quot;servicio-1-seleccionado&quot;,&quot;and_rules&quot;:[{&quot;if_field&quot;:&quot;cantidad-servicios&quot;,&quot;operator&quot;:&quot;equals&quot;,&quot;if_value&quot;:&quot;5&quot;}]},{&quot;then_field&quot;:&quot;servicio-2-seleccionado&quot;,&quot;and_rules&quot;:[{&quot;if_field&quot;:&quot;cantidad-servicios&quot;,&quot;operator&quot;:&quot;equals&quot;,&quot;if_value&quot;:&quot;2&quot;}]},{&quot;then_field&quot;:&quot;servicio-2-seleccionado&quot;,&quot;and_rules&quot;:[{&quot;if_field&quot;:&quot;cantidad-servicios&quot;,&quot;operator&quot;:&quot;equals&quot;,&quot;if_value&quot;:&quot;3&quot;}]},{&quot;then_field&quot;:&quot;servicio-2-seleccionado&quot;,&quot;and_rules&quot;:[{&quot;if_field&quot;:&quot;cantidad-servicios&quot;,&quot;operator&quot;:&quot;equals&quot;,&quot;if_value&quot;:&quot;4&quot;}]},{&quot;then_field&quot;:&quot;servicio-2-seleccionado&quot;,&quot;and_rules&quot;:[{&quot;if_field&quot;:&quot;cantidad-servicios&quot;,&quot;operator&quot;:&quot;equals&quot;,&quot;if_value&quot;:&quot;5&quot;}]},{&quot;then_field&quot;:&quot;servicio-3-seleccionado&quot;,&quot;and_rules&quot;:[{&quot;if_field&quot;:&quot;cantidad-servicios&quot;,&quot;operator&quot;:&quot;equals&quot;,&quot;if_value&quot;:&quot;3&quot;}]},{&quot;then_field&quot;:&quot;servicio-3-seleccionado&quot;,&quot;and_rules&quot;:[{&quot;if_field&quot;:&quot;cantidad-servicios&quot;,&quot;operator&quot;:&quot;equals&quot;,&quot;if_value&quot;:&quot;4&quot;}]},{&quot;then_field&quot;:&quot;servicio-3-seleccionado&quot;,&quot;and_rules&quot;:[{&quot;if_field&quot;:&quot;cantidad-servicios&quot;,&quot;operator&quot;:&quot;equals&quot;,&quot;if_value&quot;:&quot;5&quot;}]},{&quot;then_field&quot;:&quot;servicio-4-seleccionado&quot;,&quot;and_rules&quot;:[{&quot;if_field&quot;:&quot;cantidad-servicios&quot;,&quot;operator&quot;:&quot;equals&quot;,&quot;if_value&quot;:&quot;4&quot;}]},{&quot;then_field&quot;:&quot;servicio-4-seleccionado&quot;,&quot;and_rules&quot;:[{&quot;if_field&quot;:&quot;cantidad-servicios&quot;,&quot;operator&quot;:&quot;equals&quot;,&quot;if_value&quot;:&quot;5&quot;}]},{&quot;then_field&quot;:&quot;servicio-5-seleccionado&quot;,&quot;and_rules&quot;:[{&quot;if_field&quot;:&quot;cantidad-servicios&quot;,&quot;operator&quot;:&quot;equals&quot;,&quot;if_value&quot;:&quot;5&quot;}]},{&quot;then_field&quot;:&quot;servicio-1-seleccionado&quot;,&quot;and_rules&quot;:[{&quot;if_field&quot;:&quot;cantidad-servicios&quot;,&quot;operator&quot;:&quot;equals&quot;,&quot;if_value&quot;:&quot;6&quot;}]},{&quot;then_field&quot;:&quot;servicio-2-seleccionado&quot;,&quot;and_rules&quot;:[{&quot;if_field&quot;:&quot;cantidad-servicios&quot;,&quot;operator&quot;:&quot;equals&quot;,&quot;if_value&quot;:&quot;6&quot;}]},{&quot;then_field&quot;:&quot;servicio-3-seleccionado&quot;,&quot;and_rules&quot;:[{&quot;if_field&quot;:&quot;cantidad-servicios&quot;,&quot;operator&quot;:&quot;equals&quot;,&quot;if_value&quot;:&quot;6&quot;}]},{&quot;then_field&quot;:&quot;servicio-4-seleccionado&quot;,&quot;and_rules&quot;:[{&quot;if_field&quot;:&quot;cantidad-servicios&quot;,&quot;operator&quot;:&quot;equals&quot;,&quot;if_value&quot;:&quot;6&quot;}]},{&quot;then_field&quot;:&quot;servicio-5-seleccionado&quot;,&quot;and_rules&quot;:[{&quot;if_field&quot;:&quot;cantidad-servicios&quot;,&quot;operator&quot;:&quot;equals&quot;,&quot;if_value&quot;:&quot;6&quot;}]},{&quot;then_field&quot;:&quot;servicio-6-seleccionado&quot;,&quot;and_rules&quot;:[{&quot;if_field&quot;:&quot;cantidad-servicios&quot;,&quot;operator&quot;:&quot;equals&quot;,&quot;if_value&quot;:&quot;6&quot;}]},{&quot;then_field&quot;:&quot;servicio-1-seleccionado&quot;,&quot;and_rules&quot;:[{&quot;if_field&quot;:&quot;cantidad-servicios&quot;,&quot;operator&quot;:&quot;equals&quot;,&quot;if_value&quot;:&quot;7&quot;}]},{&quot;then_field&quot;:&quot;servicio-2-seleccionado&quot;,&quot;and_rules&quot;:[{&quot;if_field&quot;:&quot;cantidad-servicios&quot;,&quot;operator&quot;:&quot;equals&quot;,&quot;if_value&quot;:&quot;7&quot;}]},{&quot;then_field&quot;:&quot;servicio-3-seleccionado&quot;,&quot;and_rules&quot;:[{&quot;if_field&quot;:&quot;cantidad-servicios&quot;,&quot;operator&quot;:&quot;equals&quot;,&quot;if_value&quot;:&quot;7&quot;}]},{&quot;then_field&quot;:&quot;servicio-4-seleccionado&quot;,&quot;and_rules&quot;:[{&quot;if_field&quot;:&quot;cantidad-servicios&quot;,&quot;operator&quot;:&quot;equals&quot;,&quot;if_value&quot;:&quot;7&quot;}]},{&quot;then_field&quot;:&quot;servicio-5-seleccionado&quot;,&quot;and_rules&quot;:[{&quot;if_field&quot;:&quot;cantidad-servicios&quot;,&quot;operator&quot;:&quot;equals&quot;,&quot;if_value&quot;:&quot;7&quot;}]},{&quot;then_field&quot;:&quot;servicio-6-seleccionado&quot;,&quot;and_rules&quot;:[{&quot;if_field&quot;:&quot;cantidad-servicios&quot;,&quot;operator&quot;:&quot;equals&quot;,&quot;if_value&quot;:&quot;7&quot;}]},{&quot;then_field&quot;:&quot;servicio-7-seleccionado&quot;,&quot;and_rules&quot;:[{&quot;if_field&quot;:&quot;cantidad-servicios&quot;,&quot;operator&quot;:&quot;equals&quot;,&quot;if_value&quot;:&quot;7&quot;}]},{&quot;then_field&quot;:&quot;servicio-1-seleccionado&quot;,&quot;and_rules&quot;:[{&quot;if_field&quot;:&quot;cantidad-servicios&quot;,&quot;operator&quot;:&quot;equals&quot;,&quot;if_value&quot;:&quot;8&quot;}]},{&quot;then_field&quot;:&quot;servicio-2-seleccionado&quot;,&quot;and_rules&quot;:[{&quot;if_field&quot;:&quot;cantidad-servicios&quot;,&quot;operator&quot;:&quot;equals&quot;,&quot;if_value&quot;:&quot;8&quot;}]},{&quot;then_field&quot;:&quot;servicio-3-seleccionado&quot;,&quot;and_rules&quot;:[{&quot;if_field&quot;:&quot;cantidad-servicios&quot;,&quot;operator&quot;:&quot;equals&quot;,&quot;if_value&quot;:&quot;8&quot;}]},{&quot;then_field&quot;:&quot;servicio-4-seleccionado&quot;,&quot;and_rules&quot;:[{&quot;if_field&quot;:&quot;cantidad-servicios&quot;,&quot;operator&quot;:&quot;equals&quot;,&quot;if_value&quot;:&quot;8&quot;}]},{&quot;then_field&quot;:&quot;servicio-5-seleccionado&quot;,&quot;and_rules&quot;:[{&quot;if_field&quot;:&quot;cantidad-servicios&quot;,&quot;operator&quot;:&quot;equals&quot;,&quot;if_value&quot;:&quot;8&quot;}]},{&quot;then_field&quot;:&quot;servicio-6-seleccionado&quot;,&quot;and_rules&quot;:[{&quot;if_field&quot;:&quot;cantidad-servicios&quot;,&quot;operator&quot;:&quot;equals&quot;,&quot;if_value&quot;:&quot;8&quot;}]},{&quot;then_field&quot;:&quot;servicio-7-seleccionado&quot;,&quot;and_rules&quot;:[{&quot;if_field&quot;:&quot;cantidad-servicios&quot;,&quot;operator&quot;:&quot;equals&quot;,&quot;if_value&quot;:&quot;8&quot;}]},{&quot;then_field&quot;:&quot;servicio-8-seleccionado&quot;,&quot;and_rules&quot;:[{&quot;if_field&quot;:&quot;cantidad-servicios&quot;,&quot;operator&quot;:&quot;equals&quot;,&quot;if_value&quot;:&quot;8&quot;}]},{&quot;then_field&quot;:&quot;servicio-1-seleccionado&quot;,&quot;and_rules&quot;:[{&quot;if_field&quot;:&quot;cantidad-servicios&quot;,&quot;operator&quot;:&quot;equals&quot;,&quot;if_value&quot;:&quot;9&quot;}]},{&quot;then_field&quot;:&quot;servicio-2-seleccionado&quot;,&quot;and_rules&quot;:[{&quot;if_field&quot;:&quot;cantidad-servicios&quot;,&quot;operator&quot;:&quot;equals&quot;,&quot;if_value&quot;:&quot;9&quot;}]},{&quot;then_field&quot;:&quot;servicio-3-seleccionado&quot;,&quot;and_rules&quot;:[{&quot;if_field&quot;:&quot;cantidad-servicios&quot;,&quot;operator&quot;:&quot;equals&quot;,&quot;if_value&quot;:&quot;9&quot;}]},{&quot;then_field&quot;:&quot;servicio-4-seleccionado&quot;,&quot;and_rules&quot;:[{&quot;if_field&quot;:&quot;cantidad-servicios&quot;,&quot;operator&quot;:&quot;equals&quot;,&quot;if_value&quot;:&quot;9&quot;}]},{&quot;then_field&quot;:&quot;servicio-5-seleccionado&quot;,&quot;and_rules&quot;:[{&quot;if_field&quot;:&quot;cantidad-servicios&quot;,&quot;operator&quot;:&quot;equals&quot;,&quot;if_value&quot;:&quot;9&quot;}]},{&quot;then_field&quot;:&quot;servicio-6-seleccionado&quot;,&quot;and_rules&quot;:[{&quot;if_field&quot;:&quot;cantidad-servicios&quot;,&quot;operator&quot;:&quot;equals&quot;,&quot;if_value&quot;:&quot;9&quot;}]},{&quot;then_field&quot;:&quot;servicio-7-seleccionado&quot;,&quot;and_rules&quot;:[{&quot;if_field&quot;:&quot;cantidad-servicios&quot;,&quot;operator&quot;:&quot;equals&quot;,&quot;if_value&quot;:&quot;9&quot;}]},{&quot;then_field&quot;:&quot;servicio-8-seleccionado&quot;,&quot;and_rules&quot;:[{&quot;if_field&quot;:&quot;cantidad-servicios&quot;,&quot;operator&quot;:&quot;equals&quot;,&quot;if_value&quot;:&quot;9&quot;}]},{&quot;then_field&quot;:&quot;servicio-9-seleccionado&quot;,&quot;and_rules&quot;:[{&quot;if_field&quot;:&quot;cantidad-servicios&quot;,&quot;operator&quot;:&quot;equals&quot;,&quot;if_value&quot;:&quot;9&quot;}]},{&quot;then_field&quot;:&quot;servicio-1-seleccionado&quot;,&quot;and_rules&quot;:[{&quot;if_field&quot;:&quot;cantidad-servicios&quot;,&quot;operator&quot;:&quot;equals&quot;,&quot;if_value&quot;:&quot;10&quot;}]},{&quot;then_field&quot;:&quot;servicio-2-seleccionado&quot;,&quot;and_rules&quot;:[{&quot;if_field&quot;:&quot;cantidad-servicios&quot;,&quot;operator&quot;:&quot;equals&quot;,&quot;if_value&quot;:&quot;10&quot;}]},{&quot;then_field&quot;:&quot;servicio-3-seleccionado&quot;,&quot;and_rules&quot;:[{&quot;if_field&quot;:&quot;cantidad-servicios&quot;,&quot;operator&quot;:&quot;equals&quot;,&quot;if_value&quot;:&quot;10&quot;}]},{&quot;then_field&quot;:&quot;servicio-4-seleccionado&quot;,&quot;and_rules&quot;:[{&quot;if_field&quot;:&quot;cantidad-servicios&quot;,&quot;operator&quot;:&quot;equals&quot;,&quot;if_value&quot;:&quot;10&quot;}]},{&quot;then_field&quot;:&quot;servicio-5-seleccionado&quot;,&quot;and_rules&quot;:[{&quot;if_field&quot;:&quot;cantidad-servicios&quot;,&quot;operator&quot;:&quot;equals&quot;,&quot;if_value&quot;:&quot;10&quot;}]},{&quot;then_field&quot;:&quot;servicio-6-seleccionado&quot;,&quot;and_rules&quot;:[{&quot;if_field&quot;:&quot;cantidad-servicios&quot;,&quot;operator&quot;:&quot;equals&quot;,&quot;if_value&quot;:&quot;10&quot;}]},{&quot;then_field&quot;:&quot;servicio-7-seleccionado&quot;,&quot;and_rules&quot;:[{&quot;if_field&quot;:&quot;cantidad-servicios&quot;,&quot;operator&quot;:&quot;equals&quot;,&quot;if_value&quot;:&quot;10&quot;}]},{&quot;then_field&quot;:&quot;servicio-8-seleccionado&quot;,&quot;and_rules&quot;:[{&quot;if_field&quot;:&quot;cantidad-servicios&quot;,&quot;operator&quot;:&quot;equals&quot;,&quot;if_value&quot;:&quot;10&quot;}]},{&quot;then_field&quot;:&quot;servicio-9-seleccionado&quot;,&quot;and_rules&quot;:[{&quot;if_field&quot;:&quot;cantidad-servicios&quot;,&quot;operator&quot;:&quot;equals&quot;,&quot;if_value&quot;:&quot;10&quot;}]},{&quot;then_field&quot;:&quot;servicio-10-seleccionado&quot;,&quot;and_rules&quot;:[{&quot;if_field&quot;:&quot;cantidad-servicios&quot;,&quot;operator&quot;:&quot;equals&quot;,&quot;if_value&quot;:&quot;10&quot;}]}],&quot;settings&quot;:{&quot;animation&quot;:&quot;yes&quot;,&quot;animation_intime&quot;:200,&quot;animation_outtime&quot;:200,&quot;conditions_ui&quot;:&quot;normal&quot;,&quot;notice_dismissed&quot;:false}}\" \/>\n<input type=\"hidden\" name=\"_wpcf7_recaptcha_response\" value=\"\" \/>\n<\/div>\n<div id=\"responsive-form\" class=\"clearfix\">\n\t<div class=\"form-row\">\n\t\t<div class=\"column-full\">\n\t\t\t<p><span class=\"wpcf7-form-control-wrap\" data-name=\"area\"><select class=\"wpcf7-form-control wpcf7-select wpcf7-validates-as-required\" aria-required=\"true\" aria-invalid=\"false\" name=\"area\"><option value=\"\">\u00c1rea<\/option><option value=\"Ventas - Atenci\u00f3n al Cliente\">Ventas - Atenci\u00f3n al Cliente<\/option><option value=\"Administraci\u00f3n\">Administraci\u00f3n<\/option><option value=\"IT TECNOLOG\u00cdA\">IT TECNOLOG\u00cdA<\/option><option value=\"Marketing\">Marketing<\/option><\/select><\/span>\n\t\t\t<\/p>\n\t\t<\/div>\n\t<\/div>\n\t<div class=\"form-row\">\n\t\t<div class=\"column-half\">\n\t\t\t<p><span class=\"wpcf7-form-control-wrap\" data-name=\"your-name\"><input size=\"40\" maxlength=\"400\" class=\"wpcf7-form-control wpcf7-text wpcf7-validates-as-required\" aria-required=\"true\" aria-invalid=\"false\" placeholder=\"Nombre\" value=\"\" type=\"text\" name=\"your-name\" \/><\/span>\n\t\t\t<\/p>\n\t\t<\/div>\n\t\t<div class=\"column-half\" >\n\t\t\t<p><span class=\"wpcf7-form-control-wrap\" data-name=\"your-subname\"><input size=\"40\" maxlength=\"400\" class=\"wpcf7-form-control wpcf7-text wpcf7-validates-as-required\" aria-required=\"true\" aria-invalid=\"false\" placeholder=\"Apellido\" value=\"\" type=\"text\" name=\"your-subname\" \/><\/span>\n\t\t\t<\/p>\n\t\t<\/div>\n\t<\/div>\n\t<div class=\"form-row\">\n\t\t<div class=\"column-half\">\n\t\t\t<p><span class=\"wpcf7-form-control-wrap\" data-name=\"ciudad\"><input size=\"40\" maxlength=\"400\" class=\"wpcf7-form-control wpcf7-text wpcf7-validates-as-required\" aria-required=\"true\" aria-invalid=\"false\" placeholder=\"Ciudad\" value=\"\" type=\"text\" name=\"ciudad\" \/><\/span>\n\t\t\t<\/p>\n\t\t<\/div>\n\t\t<div class=\"column-half\">\n\t\t\t<p><span class=\"wpcf7-form-control-wrap\" data-name=\"pais\"><input size=\"40\" maxlength=\"400\" class=\"wpcf7-form-control wpcf7-text wpcf7-validates-as-required\" aria-required=\"true\" aria-invalid=\"false\" placeholder=\"Pa\u00eds\" value=\"\" type=\"text\" name=\"pais\" \/><\/span>\n\t\t\t<\/p>\n\t\t<\/div>\n\t<\/div>\n\t<div class=\"form-row\">\n\t\t<div class=\"column-half\">\n\t\t\t<p><span class=\"wpcf7-form-control-wrap\" data-name=\"email\"><input size=\"40\" maxlength=\"400\" class=\"wpcf7-form-control wpcf7-email wpcf7-validates-as-required wpcf7-text wpcf7-validates-as-email\" aria-required=\"true\" aria-invalid=\"false\" placeholder=\"Email\" value=\"\" type=\"email\" name=\"email\" \/><\/span>\n\t\t\t<\/p>\n\t\t<\/div>\n\t\t<div class=\"column-half\">\n\t\t\t<p><span class=\"wpcf7-form-control-wrap\" data-name=\"whatsapp\"><input size=\"40\" maxlength=\"400\" class=\"wpcf7-form-control wpcf7-tel wpcf7-validates-as-required wpcf7-text wpcf7-validates-as-tel\" aria-required=\"true\" aria-invalid=\"false\" placeholder=\"WhatsApp\" value=\"\" type=\"tel\" name=\"whatsapp\" \/><\/span>\n\t\t\t<\/p>\n\t\t<\/div>\n\t<\/div>\n\t<div class=\"form-row\">\n\t\t<div class=\"column-full\">\n\t\t\t<p><span class=\"wpcf7-form-control-wrap\" data-name=\"redsocial\"><input size=\"40\" maxlength=\"400\" class=\"wpcf7-form-control wpcf7-text wpcf7-validates-as-required\" aria-required=\"true\" aria-invalid=\"false\" placeholder=\"Link de alguna red Social (Facebook, Instagram, Linkedin)\" value=\"\" type=\"text\" name=\"redsocial\" \/><\/span>\n\t\t\t<\/p>\n\t\t<\/div>\n\t<\/div>\n\t<div class=\"form-row\">\n\t\t<div class=\"column-full\" style=\"text-align:left;padding-top:15px\">\n\t\t\t<p><span class=\"wpcf7-form-control-wrap\" data-name=\"cv\"><input size=\"40\" class=\"wpcf7-form-control wpcf7-file\" accept=\".pdf,.txt,.docx,.xlsx,.pptx\" aria-invalid=\"false\" type=\"file\" name=\"cv\" \/><\/span>\n\t\t\t<\/p>\n\t\t<\/div>\n\t<\/div>\n\t<div class=\"form-row\">\n\t\t<div class=\"column-full boton-enviar-formulario centrar-letra\">\n\t\t\t<p><input class=\"wpcf7-form-control wpcf7-submit has-spinner\" type=\"submit\" value=\"Enviar\" \/>\n\t\t\t<\/p>\n\t\t<\/div>\n\t<\/div>\n\t<p class=\"badge-text\">Este sitio est\u00e1 protegido por reCAPTCHA y se aplica la <a href=\"https:\/\/policies.google.com\/privacy\">pol\u00edtica de privacidad<\/a> y <a href=\"https:\/\/policies.google.com\/terms\">t\u00e9rminos de servicio<\/a> de Google.\n\t<\/p>\n<\/div><input type='hidden' class='wpcf7-pum' value='{\"closepopup\":false,\"closedelay\":0,\"openpopup\":false,\"openpopup_id\":0}' \/><div class=\"wpcf7-response-output\" aria-hidden=\"true\"><\/div>\n<\/form>\n<\/div>\n<\/div><\/div><\/div><\/div><\/div><\/div>\t<div class=\"vc_empty_space\"  style=\"height: 80px\" ><span\n\t\t\tclass=\"vc_empty_space_inner\">\n\t\t\t<span class=\"empty_space_image\"  ><\/span>\n\t\t<\/span><\/div>\n\n<\/div><\/div><\/div><\/div><\/div><\/div>\n<\/div>","protected":false},"excerpt":{"rendered":"\u00bfQuieres trabajar con nosotros? Aplica ahora \u00c1reaVentas - Atenci\u00f3n al ClienteAdministraci\u00f3nIT TECNOLOG\u00cdAMarketing Este sitio est\u00e1 protegido por reCAPTCHA y se aplica la pol\u00edtica de privacidad y t\u00e9rminos de servicio de Google.","protected":false},"author":1,"featured_media":0,"parent":0,"menu_order":0,"comment_status":"closed","ping_status":"closed","template":"full_width.php","meta":{"footnotes":""},"class_list":["post-2624","page","type-page","status-publish","hentry"],"yoast_head":"<!-- This site is optimized with the Yoast SEO plugin v26.9 - https:\/\/yoast.com\/product\/yoast-seo-wordpress\/ -->\n<title>Trabaja con nosotros - Galaxy Vacations<\/title>\n<meta name=\"robots\" content=\"index, follow, max-snippet:-1, max-image-preview:large, max-video-preview:-1\" \/>\n<link rel=\"canonical\" href=\"https:\/\/galaxyvacations.com\/en\/work-with-us\/\" \/>\n<meta property=\"og:locale\" content=\"en_US\" \/>\n<meta property=\"og:type\" content=\"article\" \/>\n<meta property=\"og:title\" content=\"Trabaja con nosotros - Galaxy Vacations\" \/>\n<meta property=\"og:url\" content=\"https:\/\/galaxyvacations.com\/en\/work-with-us\/\" \/>\n<meta property=\"og:site_name\" content=\"Galaxy Vacations\" \/>\n<meta property=\"article:modified_time\" content=\"2021-04-29T16:45:20+00:00\" \/>\n<meta name=\"twitter:card\" content=\"summary_large_image\" \/>\n<meta name=\"twitter:label1\" content=\"Est. reading time\" \/>\n\t<meta name=\"twitter:data1\" content=\"1 minute\" \/>\n<script type=\"application\/ld+json\" class=\"yoast-schema-graph\">{\"@context\":\"https:\/\/schema.org\",\"@graph\":[{\"@type\":\"WebPage\",\"@id\":\"https:\/\/galaxyvacations.com\/trabaja-con-nosotros\/\",\"url\":\"https:\/\/galaxyvacations.com\/trabaja-con-nosotros\/\",\"name\":\"Trabaja con nosotros - Galaxy Vacations\",\"isPartOf\":{\"@id\":\"https:\/\/galaxyvacations.com\/#website\"},\"datePublished\":\"2021-04-29T16:39:22+00:00\",\"dateModified\":\"2021-04-29T16:45:20+00:00\",\"breadcrumb\":{\"@id\":\"https:\/\/galaxyvacations.com\/trabaja-con-nosotros\/#breadcrumb\"},\"inLanguage\":\"en-US\",\"potentialAction\":[{\"@type\":\"ReadAction\",\"target\":[\"https:\/\/galaxyvacations.com\/trabaja-con-nosotros\/\"]}]},{\"@type\":\"BreadcrumbList\",\"@id\":\"https:\/\/galaxyvacations.com\/trabaja-con-nosotros\/#breadcrumb\",\"itemListElement\":[{\"@type\":\"ListItem\",\"position\":1,\"name\":\"Portada\",\"item\":\"https:\/\/galaxyvacations.com\/\"},{\"@type\":\"ListItem\",\"position\":2,\"name\":\"Trabaja con nosotros\"}]},{\"@type\":\"WebSite\",\"@id\":\"https:\/\/galaxyvacations.com\/#website\",\"url\":\"https:\/\/galaxyvacations.com\/\",\"name\":\"Galaxy Vacations\",\"description\":\"Turismo Individual y Grupos | Tickets, Atracciones, Hoteles y Cruceros | Transportaci\u00f3n Propia\",\"potentialAction\":[{\"@type\":\"SearchAction\",\"target\":{\"@type\":\"EntryPoint\",\"urlTemplate\":\"https:\/\/galaxyvacations.com\/?s={search_term_string}\"},\"query-input\":{\"@type\":\"PropertyValueSpecification\",\"valueRequired\":true,\"valueName\":\"search_term_string\"}}],\"inLanguage\":\"en-US\"}]}<\/script>\n<!-- \/ Yoast SEO plugin. -->","yoast_head_json":{"title":"Work with us - Galaxy Vacations","robots":{"index":"index","follow":"follow","max-snippet":"max-snippet:-1","max-image-preview":"max-image-preview:large","max-video-preview":"max-video-preview:-1"},"canonical":"https:\/\/galaxyvacations.com\/en\/work-with-us\/","og_locale":"en_US","og_type":"article","og_title":"Trabaja con nosotros - Galaxy Vacations","og_url":"https:\/\/galaxyvacations.com\/en\/work-with-us\/","og_site_name":"Galaxy Vacations","article_modified_time":"2021-04-29T16:45:20+00:00","twitter_card":"summary_large_image","twitter_misc":{"Est. reading time":"1 minute"},"schema":{"@context":"https:\/\/schema.org","@graph":[{"@type":"WebPage","@id":"https:\/\/galaxyvacations.com\/trabaja-con-nosotros\/","url":"https:\/\/galaxyvacations.com\/trabaja-con-nosotros\/","name":"Work with us - Galaxy Vacations","isPartOf":{"@id":"https:\/\/galaxyvacations.com\/#website"},"datePublished":"2021-04-29T16:39:22+00:00","dateModified":"2021-04-29T16:45:20+00:00","breadcrumb":{"@id":"https:\/\/galaxyvacations.com\/trabaja-con-nosotros\/#breadcrumb"},"inLanguage":"en-US","potentialAction":[{"@type":"ReadAction","target":["https:\/\/galaxyvacations.com\/trabaja-con-nosotros\/"]}]},{"@type":"BreadcrumbList","@id":"https:\/\/galaxyvacations.com\/trabaja-con-nosotros\/#breadcrumb","itemListElement":[{"@type":"ListItem","position":1,"name":"Portada","item":"https:\/\/galaxyvacations.com\/"},{"@type":"ListItem","position":2,"name":"Trabaja con nosotros"}]},{"@type":"WebSite","@id":"https:\/\/galaxyvacations.com\/#website","url":"https:\/\/galaxyvacations.com\/","name":"Galaxy Vacations","description":"Individual and Group Tourism : Tickets, Attractions, Hotels and Cruises : Own Transportation","potentialAction":[{"@type":"SearchAction","target":{"@type":"EntryPoint","urlTemplate":"https:\/\/galaxyvacations.com\/?s={search_term_string}"},"query-input":{"@type":"PropertyValueSpecification","valueRequired":true,"valueName":"search_term_string"}}],"inLanguage":"en-US"}]}},"_links":{"self":[{"href":"https:\/\/galaxyvacations.com\/en\/wp-json\/wp\/v2\/pages\/2624","targetHints":{"allow":["GET"]}}],"collection":[{"href":"https:\/\/galaxyvacations.com\/en\/wp-json\/wp\/v2\/pages"}],"about":[{"href":"https:\/\/galaxyvacations.com\/en\/wp-json\/wp\/v2\/types\/page"}],"author":[{"embeddable":true,"href":"https:\/\/galaxyvacations.com\/en\/wp-json\/wp\/v2\/users\/1"}],"replies":[{"embeddable":true,"href":"https:\/\/galaxyvacations.com\/en\/wp-json\/wp\/v2\/comments?post=2624"}],"version-history":[{"count":0,"href":"https:\/\/galaxyvacations.com\/en\/wp-json\/wp\/v2\/pages\/2624\/revisions"}],"wp:attachment":[{"href":"https:\/\/galaxyvacations.com\/en\/wp-json\/wp\/v2\/media?parent=2624"}],"curies":[{"name":"wp","href":"https:\/\/api.w.org\/{rel}","templated":true}]}}